{"id":1317,"date":"2024-12-06T19:36:50","date_gmt":"2024-12-06T17:36:50","guid":{"rendered":"https:\/\/bellevuehuntingsafaris.co.za\/?page_id=1317"},"modified":"2024-12-06T19:36:50","modified_gmt":"2024-12-06T17:36:50","slug":"things-to-do","status":"publish","type":"page","link":"https:\/\/bellevuehuntingsafaris.co.za\/de\/things-to-do\/","title":{"rendered":"Aktivit\u00e4ten"},"content":{"rendered":"<p>[vc_row][vc_column][\/vc_column][\/vc_row][vc_row full_width=&#8221;stretch_row_content&#8221; hide_bg_image_on_tablet=&#8221;&#8221; hide_bg_image_on_mobile=&#8221;&#8221;][vc_column hide_bg_image_on_tablet=&#8221;&#8221; hide_bg_image_on_mobile=&#8221;&#8221; icons_position=&#8221;left&#8221; offset=&#8221;vc_col-md-offset-1 vc_col-md-10&#8243;][vc_empty_space alter_height=&#8221;huge&#8221; hide_on_desktop=&#8221;&#8221; hide_on_notebook=&#8221;&#8221; hide_on_tablet=&#8221;&#8221; hide_on_mobile=&#8221;&#8221;][ultimate_heading main_heading=&#8221;Things To Do&#8221; heading_tag=&#8221;h1&#8243; spacer=&#8221;image_only&#8221; spacer_img_width=&#8221;60&#8243; main_heading_style=&#8221;font-weight:bold;&#8221; spacer_img=&#8221;id^1112|url^https:\/\/bellevuehuntingsafaris.co.za\/wp-content\/uploads\/2021\/10\/feather-2-copy.png|caption^null|alt^null|title^feather (2) copy|description^null&#8221; main_heading_font_size=&#8221;desktop:40px;&#8221; main_heading_margin=&#8221;margin-top:11px;margin-bottom:20px;&#8221; margin_design_tab_text=&#8221;&#8221;][\/ultimate_heading][vc_row_inner][vc_column_inner width=&#8221;1\/3&#8243;][\/vc_column_inner][vc_column_inner width=&#8221;1\/3&#8243;][ultimate_heading main_heading=&#8221;Sun International&#8221; margin_design_tab_text=&#8221;&#8221;]<\/p>\n<p style=\"text-align: center;\">Sun City and The Lost City with their casino, theme park and world class golf courses can be reached via road or air from Bellevue Hunting Lodge.<\/p>\n<p>[\/ultimate_heading][vc_btn title=&#8221;Sun International&#8221; align=&#8221;center&#8221; css=&#8221;&#8221; button_block=&#8221;true&#8221; link=&#8221;url:http%3A%2F%2Fsuninternational.com&#8221;][vc_empty_space alter_height=&#8221;medium&#8221; hide_on_desktop=&#8221;&#8221; hide_on_notebook=&#8221;&#8221; hide_on_tablet=&#8221;&#8221; hide_on_mobile=&#8221;&#8221;][\/vc_column_inner][vc_column_inner width=&#8221;1\/3&#8243;][\/vc_column_inner][\/vc_row_inner][vc_row_inner][vc_column_inner width=&#8221;1\/3&#8243;][\/vc_column_inner][vc_column_inner width=&#8221;1\/3&#8243;][ultimate_heading main_heading=&#8221;Adventures with Elephants&#8221; margin_design_tab_text=&#8221;&#8221;]<\/p>\n<p style=\"text-align: center;\">Come experience the largest land animal up close and personal. At Adventures with Elephants, you will connect with elephants through unique interactions.<\/p>\n<p>[\/ultimate_heading][vc_btn title=&#8221;Adventures with Elephants&#8221; align=&#8221;center&#8221; css=&#8221;&#8221; button_block=&#8221;true&#8221; link=&#8221;url:http%3A%2F%2Fadventurewithelephants.co.za&#8221;][vc_empty_space alter_height=&#8221;medium&#8221; hide_on_desktop=&#8221;&#8221; hide_on_notebook=&#8221;&#8221; hide_on_tablet=&#8221;&#8221; hide_on_mobile=&#8221;&#8221;][\/vc_column_inner][vc_column_inner width=&#8221;1\/3&#8243;][\/vc_column_inner][\/vc_row_inner][vc_row_inner][vc_column_inner width=&#8221;1\/3&#8243;][\/vc_column_inner][vc_column_inner width=&#8221;1\/3&#8243;][ultimate_heading main_heading=&#8221;Marakele Animal Sanctuary&#8221; margin_design_tab_text=&#8221;&#8221;]<\/p>\n<p style=\"text-align: center;\">Just outside the nearby town of Thabazimbi you will find the Marakele Animal Sanctuary. They have a wide variety of predators and small animals. Their unique lion mobile is an experience not to be missed.<\/p>\n<p>[\/ultimate_heading][vc_btn title=&#8221;Marakele Animal Sanctuary&#8221; align=&#8221;center&#8221; css=&#8221;&#8221; button_block=&#8221;true&#8221; link=&#8221;url:http%3A%2F%2Fmarakeleanimalsantuary.com&#8221;][vc_empty_space alter_height=&#8221;medium&#8221; hide_on_desktop=&#8221;&#8221; hide_on_notebook=&#8221;&#8221; hide_on_tablet=&#8221;&#8221; hide_on_mobile=&#8221;&#8221;][\/vc_column_inner][vc_column_inner width=&#8221;1\/3&#8243;][\/vc_column_inner][\/vc_row_inner][vc_row_inner][vc_column_inner width=&#8221;1\/3&#8243;][\/vc_column_inner][vc_column_inner width=&#8221;1\/3&#8243;][ultimate_heading main_heading=&#8221;Marakele National Park&#8221; margin_design_tab_text=&#8221;&#8221;]<\/p>\n<p style=\"text-align: center;\">The Marakele National Parks belongs to South African National Parks Board (SANPARKS). The park is situated less than an hour drive from Bellevue Hunting Lodge. Marakele is home to the Big 5 of the animal kingdom as well as Wild dog and Spotted Hyena. Vissits to the park can be arranged.<\/p>\n<p>[\/ultimate_heading][vc_btn title=&#8221;Marakele National Park.&#8221; align=&#8221;center&#8221; css=&#8221;&#8221; button_block=&#8221;true&#8221; link=&#8221;url:http%3A%2F%2Fsanparks.org&#8221;][vc_empty_space alter_height=&#8221;medium&#8221; hide_on_desktop=&#8221;&#8221; hide_on_notebook=&#8221;&#8221; hide_on_tablet=&#8221;&#8221; hide_on_mobile=&#8221;&#8221;][\/vc_column_inner][vc_column_inner width=&#8221;1\/3&#8243;][\/vc_column_inner][\/vc_row_inner][vc_row_inner][vc_column_inner width=&#8221;1\/3&#8243;][\/vc_column_inner][vc_column_inner width=&#8221;1\/3&#8243;][ultimate_heading main_heading=&#8221;Fishing&#8221; margin_design_tab_text=&#8221;&#8221;]Fishing trips to the Crocodile River or nearby dams can be organized. Species that can be targeted are Carp, Blue Kurper (Tilipia), Bass and Barber (African Catfish).[\/ultimate_heading][vc_empty_space alter_height=&#8221;medium&#8221; hide_on_desktop=&#8221;&#8221; hide_on_notebook=&#8221;&#8221; hide_on_tablet=&#8221;&#8221; hide_on_mobile=&#8221;&#8221;][\/vc_column_inner][vc_column_inner width=&#8221;1\/3&#8243;][\/vc_column_inner][\/vc_row_inner][vc_row_inner][vc_column_inner width=&#8221;1\/3&#8243;][\/vc_column_inner][vc_column_inner width=&#8221;1\/3&#8243;][ultimate_heading main_heading=&#8221;Golf&#8221; margin_design_tab_text=&#8221;&#8221;]<\/p>\n<p style=\"text-align: center;\">For the golf enthusiasts there are a lot of options of true bushveld courses that can easily be reached by car or by plane.<\/p>\n<p>[\/ultimate_heading][\/vc_column_inner][vc_column_inner width=&#8221;1\/3&#8243;][\/vc_column_inner][\/vc_row_inner][vc_row_inner][vc_column_inner width=&#8221;1\/5&#8243;][vc_btn title=&#8221;Gary Player Country Club&#8221; align=&#8221;center&#8221; css=&#8221;&#8221; button_block=&#8221;true&#8221; link=&#8221;url:http%3A%2F%2Fwww.suninternational.com&#8221;][\/vc_column_inner][vc_column_inner width=&#8221;1\/5&#8243;][vc_btn title=&#8221;The Lost City Golf Course&#8221; align=&#8221;center&#8221; css=&#8221;&#8221; button_block=&#8221;true&#8221; link=&#8221;url:http%3A%2F%2Fwww.suninternational.com&#8221;][\/vc_column_inner][vc_column_inner width=&#8221;1\/5&#8243;][vc_btn title=&#8221;Zebula Golf Estate and Spa&#8221; align=&#8221;center&#8221; css=&#8221;&#8221; button_block=&#8221;true&#8221; link=&#8221;url:http%3A%2F%2Fwww.zebula.co.za&#8221;][\/vc_column_inner][vc_column_inner width=&#8221;1\/5&#8243;][vc_btn title=&#8221;Elements Private Golf Reserve&#8221; align=&#8221;center&#8221; css=&#8221;&#8221; button_block=&#8221;true&#8221; link=&#8221;url:http%3A%2F%2Fwww.elementsgolfreserve.co.za&#8221;][\/vc_column_inner][vc_column_inner width=&#8221;1\/5&#8243;][vc_btn title=&#8221;Thabazimbi Golf Club&#8221; align=&#8221;center&#8221; css=&#8221;&#8221; button_block=&#8221;true&#8221; link=&#8221;url:http%3A%2F%2Fwww.elementsgolfreserve.co.za|title:www.thabazimbigolfclub.co.za&#8221;][\/vc_column_inner][\/vc_row_inner][vc_empty_space alter_height=&#8221;medium&#8221; hide_on_desktop=&#8221;&#8221; hide_on_notebook=&#8221;&#8221; hide_on_tablet=&#8221;&#8221; hide_on_mobile=&#8221;&#8221;][\/vc_column][\/vc_row][vc_row full_width=&#8221;stretch_row_content_no_spaces&#8221; equal_height=&#8221;yes&#8221; hide_bg_image_on_tablet=&#8221;&#8221; hide_bg_image_on_mobile=&#8221;&#8221;][vc_column hide_bg_image_on_tablet=&#8221;&#8221; hide_bg_image_on_mobile=&#8221;&#8221; icons_position=&#8221;left&#8221; css=&#8221;.vc_custom_1732660699878{background-image: url(https:\/\/bellevuehuntingsafaris.co.za\/wp-content\/uploads\/2024\/11\/H2A_4377-copy-scaled.webp?id=1298) !important;background-position: top center !important;background-repeat: no-repeat !important;background-size: cover !important;}&#8221; offset=&#8221;vc_col-md-6 vc_hidden-sm vc_hidden-xs&#8221;][\/vc_column][vc_column hide_bg_image_on_tablet=&#8221;&#8221; hide_bg_image_on_mobile=&#8221;&#8221; icons_position=&#8221;left&#8221; offset=&#8221;vc_col-md-6&#8243;][vc_empty_space alter_height=&#8221;medium&#8221; hide_on_desktop=&#8221;&#8221; hide_on_notebook=&#8221;&#8221; hide_on_tablet=&#8221;&#8221; hide_on_mobile=&#8221;&#8221; css=&#8221;.vc_custom_1505914155695{margin-top: 1.1rem !important;}&#8221;][trx_sc_content size=&#8221;1_2&#8243; margins=&#8221;medium&#8221; float=&#8221;left&#8221; number_position=&#8221;br&#8221; title_style=&#8221;default&#8221;][ultimate_heading main_heading=&#8221;CONTACT US&#8221; heading_tag=&#8221;h1&#8243; spacer=&#8221;image_only&#8221; spacer_img_width=&#8221;60&#8243; main_heading_style=&#8221;font-weight:bold;&#8221; spacer_img=&#8221;id^1112|url^https:\/\/bellevuehuntingsafaris.co.za\/wp-content\/uploads\/2021\/10\/feather-2-copy.png|caption^null|alt^null|title^feather (2) copy|description^null&#8221; main_heading_font_size=&#8221;desktop:40px;&#8221; main_heading_margin=&#8221;margin-top:11px;margin-bottom:20px;&#8221;]<\/p>\n<div class=\"contact-address\">\n<div class=\"contact-address\">\n<p style=\"text-align: left;\">We would love to hear from past guests or those wanting to experience the Bellevue Hunting Safari&#8217;s for the first time.<\/p>\n<p style=\"text-align: left;\">Please send us an email or call us with queries, comments and feedback.<\/p>\n<p style=\"text-align: left;\">Oliver Basch &#8211;\u00a0<a href=\"callto:27829008606\">+27 82 900 8606<\/a><\/p>\n<p style=\"text-align: left;\"><a href=\"mailto:info@bellevuehuntingsafaris.co.za\">info@bellevuehuntingsafaris.co.za<\/a><\/p>\n<\/div>\n<\/div>\n<p>[\/ultimate_heading]\n<div class=\"wpcf7 no-js\" id=\"wpcf7-f746-o1\" lang=\"en-US\" dir=\"ltr\" data-wpcf7-id=\"746\">\n<div class=\"screen-reader-response\"><p role=\"status\" aria-live=\"polite\" aria-atomic=\"true\"><\/p> <ul><\/ul><\/div>\n<form action=\"\/de\/wp-json\/wp\/v2\/pages\/1317#wpcf7-f746-o1\" method=\"post\" class=\"wpcf7-form init\" aria-label=\"Contact form\" novalidate=\"novalidate\" data-status=\"init\">\n<fieldset class=\"hidden-fields-container\"><input type=\"hidden\" name=\"_wpcf7\" value=\"746\" \/><input type=\"hidden\" name=\"_wpcf7_version\" value=\"6.1.5\" \/><input type=\"hidden\" name=\"_wpcf7_locale\" value=\"en_US\" \/><input type=\"hidden\" name=\"_wpcf7_unit_tag\" value=\"wpcf7-f746-o1\" \/><input type=\"hidden\" name=\"_wpcf7_container_post\" value=\"0\" \/><input type=\"hidden\" name=\"_wpcf7_posted_data_hash\" value=\"\" \/>\n<\/fieldset>\n<div class=\"flex\">\n\t<div class='itm row' >\n\t\t<p><span class=\"wpcf7-form-control-wrap\" data-name=\"your-name\"><input size=\"40\" maxlength=\"400\" class=\"wpcf7-form-control wpcf7-text wpcf7-validates-as-required\" aria-required=\"true\" aria-invalid=\"false\" placeholder=\"Your name*\" value=\"\" type=\"text\" name=\"your-name\" \/><\/span>\n\t\t<\/p>\n\t<\/div>\n\t<div class='itm row'>\n\t\t<p><span class=\"wpcf7-form-control-wrap\" data-name=\"your-email\"><input size=\"40\" maxlength=\"400\" class=\"wpcf7-form-control wpcf7-email wpcf7-validates-as-required wpcf7-text wpcf7-validates-as-email\" aria-required=\"true\" aria-invalid=\"false\" placeholder=\"Your e-mail*\" value=\"\" type=\"email\" name=\"your-email\" \/><\/span>\n\t\t<\/p>\n\t<\/div>\n<\/div>\n<div class=''>\n\t<p><span class=\"wpcf7-form-control-wrap\" data-name=\"your-message\"><textarea cols=\"40\" rows=\"10\" maxlength=\"2000\" class=\"wpcf7-form-control wpcf7-textarea wpcf7-validates-as-required\" aria-required=\"true\" aria-invalid=\"false\" placeholder=\"Your message*\" name=\"your-message\"><\/textarea><\/span>\n\t<\/p>\n<\/div>\n<div class=\"sc_form_field sc_form_field_button sc_form_field_submit\">\n\t<p><input class=\"wpcf7-form-control wpcf7-submit has-spinner\" type=\"submit\" value=\"Send Message\" \/>\n\t<\/p>\n<\/div><div class=\"wpcf7-response-output\" aria-hidden=\"true\"><\/div>\n<\/form>\n<\/div>\n[vc_empty_space alter_height=&#8221;large&#8221; hide_on_desktop=&#8221;&#8221; hide_on_notebook=&#8221;&#8221; hide_on_tablet=&#8221;&#8221; hide_on_mobile=&#8221;&#8221; css=&#8221;.vc_custom_1505914175920{margin-top: -0.5rem !important;}&#8221;][vc_empty_space alter_height=&#8221;medium&#8221; hide_on_desktop=&#8221;&#8221; hide_on_notebook=&#8221;&#8221; hide_on_tablet=&#8221;&#8221; hide_on_mobile=&#8221;&#8221; css=&#8221;.vc_custom_1505914370160{margin-bottom: -0.3rem !important;}&#8221;][\/trx_sc_content][\/vc_column][\/vc_row][vc_row full_width=&#8221;stretch_row_content&#8221;][vc_column][vc_gmaps link=&#8221;#E-8_JTNDaWZyYW1lJTIwc3JjJTNEJTIyaHR0cHMlM0ElMkYlMkZ3d3cuZ29vZ2xlLmNvbSUyRm1hcHMlMkZlbWJlZCUzRnBiJTNEJTIxMW0xNCUyMTFtOCUyMTFtMyUyMTFkMTQ1MTkuNDkzODkwMzYxMDE2JTIxMmQyNy4xMTczNzIzJTIxM2QtMjQuNTI0NDYwMiUyMTNtMiUyMTFpMTAyNCUyMTJpNzY4JTIxNGYxMy4xJTIxM20zJTIxMW0yJTIxMXMweDAlMjUzQTB4YzQ3ODJiOGVkOTJkZmZlZiUyMTJzQmVsbGV2dWUlMjUyMEdhbWUlMjUyMExvZGdlJTIxNWUwJTIxM20yJTIxMXNlbiUyMTJzemElMjE0djE2MzMyOTI5NzQyMzMlMjE1bTIlMjExc2VuJTIxMnN6YSUyMiUyMGhlaWdodCUzRCUyMjQ1MCUyMiUyMHN0eWxlJTNEJTIyYm9yZGVyJTNBMCUzQiUyMiUyMGFsbG93ZnVsbHNjcmVlbiUzRCUyMiUyMiUyMGxvYWRpbmclM0QlMjJsYXp5JTIyJTNFJTNDJTJGaWZyYW1lJTNF&#8221; css=&#8221;&#8221;][\/vc_column][\/vc_row]<\/p>\n","protected":false},"excerpt":{"rendered":"<p>[vc_row][vc_column][\/vc_column][\/vc_row][vc_row full_width=&#8221;stretch_row_content&#8221; hide_bg_image_on_tablet=&#8221;&#8221; hide_bg_image_on_mobile=&#8221;&#8221;][vc_column hide_bg_image_on_tablet=&#8221;&#8221; hide_bg_image_on_mobile=&#8221;&#8221; icons_position=&#8221;left&#8221; offset=&#8221;vc_col-md-offset-1 vc_col-md-10&#8243;][vc_empty_space alter_height=&#8221;huge&#8221; hide_on_desktop=&#8221;&#8221; hide_on_notebook=&#8221;&#8221; hide_on_tablet=&#8221;&#8221; hide_on_mobile=&#8221;&#8221;][ultimate_heading main_heading=&#8221;Things To Do&#8221; heading_tag=&#8221;h1&#8243; spacer=&#8221;image_only&#8221; spacer_img_width=&#8221;60&#8243; main_heading_style=&#8221;font-weight:bold;&#8221; spacer_img=&#8221;id^1112|url^https:\/\/bellevuehuntingsafaris.co.za\/wp-content\/uploads\/2021\/10\/feather-2-copy.png|caption^null|alt^null|title^feather (2) copy|description^null&#8221; main_heading_font_size=&#8221;desktop:40px;&#8221; main_heading_margin=&#8221;margin-top:11px;margin-bottom:20px;&#8221; margin_design_tab_text=&#8221;&#8221;][\/ultimate_heading][vc_row_inner][vc_column_inner width=&#8221;1\/3&#8243;][\/vc_column_inner][vc_column_inner width=&#8221;1\/3&#8243;][ultimate_heading main_heading=&#8221;Sun International&#8221; margin_design_tab_text=&#8221;&#8221;] Sun City and The Lost City with their casino, theme park and world class golf courses can be reached via road or air [&hellip;]<\/p>\n","protected":false},"author":1,"featured_media":1044,"parent":0,"menu_order":0,"comment_status":"closed","ping_status":"open","template":"","meta":{"footnotes":""},"class_list":["post-1317","page","type-page","status-publish","has-post-thumbnail","hentry"],"yoast_head":"<!-- This site is optimized with the Yoast SEO plugin v27.3 - https:\/\/yoast.com\/product\/yoast-seo-wordpress\/ -->\n<title>Things To Do &#8211; Bellevue Hunting Safari&#039;s<\/title>\n<meta name=\"description\" content=\"The Bellevue Luxury Villa is set on a scenic farm of 2000 hectares, where beautiful camel thorn trees and lush grasses abound for the many different antelope species to enjoy. Gorgeous gardens rise up to meet the high blue skies of Africa.\" \/>\n<meta name=\"robots\" content=\"index, follow, max-snippet:-1, max-image-preview:large, max-video-preview:-1\" \/>\n<link rel=\"canonical\" href=\"https:\/\/bellevuehuntingsafaris.co.za\/de\/things-to-do\/\" \/>\n<meta property=\"og:locale\" content=\"de_DE\" \/>\n<meta property=\"og:type\" content=\"article\" \/>\n<meta property=\"og:title\" content=\"Things To Do &#8211; Bellevue Hunting Safari&#039;s\" \/>\n<meta property=\"og:description\" content=\"The Bellevue Luxury Villa is set on a scenic farm of 2000 hectares, where beautiful camel thorn trees and lush grasses abound for the many different antelope species to enjoy. Gorgeous gardens rise up to meet the high blue skies of Africa.\" \/>\n<meta property=\"og:url\" content=\"https:\/\/bellevuehuntingsafaris.co.za\/de\/things-to-do\/\" \/>\n<meta property=\"og:site_name\" content=\"Bellevue Hunting Safari&#039;s\" \/>\n<meta property=\"og:image\" content=\"https:\/\/bellevuehuntingsafaris.co.za\/wp-content\/uploads\/2021\/10\/H2A_5076-1-scaled.jpg\" \/>\n\t<meta property=\"og:image:width\" content=\"2560\" \/>\n\t<meta property=\"og:image:height\" content=\"1707\" \/>\n\t<meta property=\"og:image:type\" content=\"image\/jpeg\" \/>\n<meta name=\"twitter:card\" content=\"summary_large_image\" \/>\n<meta name=\"twitter:label1\" content=\"Gesch\u00e4tzte Lesezeit\" \/>\n\t<meta name=\"twitter:data1\" content=\"3\u00a0Minuten\" \/>\n<script type=\"application\/ld+json\" class=\"yoast-schema-graph\">{\"@context\":\"https:\\\/\\\/schema.org\",\"@graph\":[{\"@type\":\"WebPage\",\"@id\":\"https:\\\/\\\/bellevuehuntingsafaris.co.za\\\/things-to-do\\\/\",\"url\":\"https:\\\/\\\/bellevuehuntingsafaris.co.za\\\/things-to-do\\\/\",\"name\":\"Things To Do &#8211; Bellevue Hunting Safari&#039;s\",\"isPartOf\":{\"@id\":\"https:\\\/\\\/bellevuehuntingsafaris.co.za\\\/#website\"},\"primaryImageOfPage\":{\"@id\":\"https:\\\/\\\/bellevuehuntingsafaris.co.za\\\/things-to-do\\\/#primaryimage\"},\"image\":{\"@id\":\"https:\\\/\\\/bellevuehuntingsafaris.co.za\\\/things-to-do\\\/#primaryimage\"},\"thumbnailUrl\":\"https:\\\/\\\/bellevuehuntingsafaris.co.za\\\/wp-content\\\/uploads\\\/2021\\\/10\\\/H2A_5076-1-scaled.jpg\",\"datePublished\":\"2024-12-06T17:36:50+00:00\",\"description\":\"The Bellevue Luxury Villa is set on a scenic farm of 2000 hectares, where beautiful camel thorn trees and lush grasses abound for the many different antelope species to enjoy. Gorgeous gardens rise up to meet the high blue skies of Africa.\",\"breadcrumb\":{\"@id\":\"https:\\\/\\\/bellevuehuntingsafaris.co.za\\\/things-to-do\\\/#breadcrumb\"},\"inLanguage\":\"de\",\"potentialAction\":[{\"@type\":\"ReadAction\",\"target\":[\"https:\\\/\\\/bellevuehuntingsafaris.co.za\\\/things-to-do\\\/\"]}]},{\"@type\":\"ImageObject\",\"inLanguage\":\"de\",\"@id\":\"https:\\\/\\\/bellevuehuntingsafaris.co.za\\\/things-to-do\\\/#primaryimage\",\"url\":\"https:\\\/\\\/bellevuehuntingsafaris.co.za\\\/wp-content\\\/uploads\\\/2021\\\/10\\\/H2A_5076-1-scaled.jpg\",\"contentUrl\":\"https:\\\/\\\/bellevuehuntingsafaris.co.za\\\/wp-content\\\/uploads\\\/2021\\\/10\\\/H2A_5076-1-scaled.jpg\",\"width\":2560,\"height\":1707},{\"@type\":\"BreadcrumbList\",\"@id\":\"https:\\\/\\\/bellevuehuntingsafaris.co.za\\\/things-to-do\\\/#breadcrumb\",\"itemListElement\":[{\"@type\":\"ListItem\",\"position\":1,\"name\":\"Home\",\"item\":\"https:\\\/\\\/bellevuehuntingsafaris.co.za\\\/\"},{\"@type\":\"ListItem\",\"position\":2,\"name\":\"Things To Do\"}]},{\"@type\":\"WebSite\",\"@id\":\"https:\\\/\\\/bellevuehuntingsafaris.co.za\\\/#website\",\"url\":\"https:\\\/\\\/bellevuehuntingsafaris.co.za\\\/\",\"name\":\"Bellevue Game Lodge\",\"description\":\"Luxury Hunting Lodge in Limpopo\",\"publisher\":{\"@id\":\"https:\\\/\\\/bellevuehuntingsafaris.co.za\\\/#organization\"},\"potentialAction\":[{\"@type\":\"SearchAction\",\"target\":{\"@type\":\"EntryPoint\",\"urlTemplate\":\"https:\\\/\\\/bellevuehuntingsafaris.co.za\\\/?s={search_term_string}\"},\"query-input\":{\"@type\":\"PropertyValueSpecification\",\"valueRequired\":true,\"valueName\":\"search_term_string\"}}],\"inLanguage\":\"de\"},{\"@type\":\"Organization\",\"@id\":\"https:\\\/\\\/bellevuehuntingsafaris.co.za\\\/#organization\",\"name\":\"Bellevue Game Lodge\",\"url\":\"https:\\\/\\\/bellevuehuntingsafaris.co.za\\\/\",\"logo\":{\"@type\":\"ImageObject\",\"inLanguage\":\"de\",\"@id\":\"https:\\\/\\\/bellevuehuntingsafaris.co.za\\\/#\\\/schema\\\/logo\\\/image\\\/\",\"url\":\"https:\\\/\\\/bellevuehuntingsafaris.co.za\\\/wp-content\\\/uploads\\\/2021\\\/11\\\/Bellevue-LOGO-FINAL-WHITE-02.png\",\"contentUrl\":\"https:\\\/\\\/bellevuehuntingsafaris.co.za\\\/wp-content\\\/uploads\\\/2021\\\/11\\\/Bellevue-LOGO-FINAL-WHITE-02.png\",\"width\":4501,\"height\":4500,\"caption\":\"Bellevue Game Lodge\"},\"image\":{\"@id\":\"https:\\\/\\\/bellevuehuntingsafaris.co.za\\\/#\\\/schema\\\/logo\\\/image\\\/\"}}]}<\/script>\n<!-- \/ Yoast SEO plugin. -->","yoast_head_json":{"title":"Things To Do &#8211; Bellevue Hunting Safari&#039;s","description":"Die Bellevue Luxury Villa liegt auf einer landschaftlich reizvollen Farm von 2000 Hektar mit vielen sch\u00f6nen Kameldornb\u00e4umen und \u00fcppigen Gr\u00e4sern, an denen sich die vielen verschiedenen Antilopenarten\nerfreuen k\u00f6nnen. Herrlicher Busch ragt bis bis zum blauen Himmel Afrikas.","robots":{"index":"index","follow":"follow","max-snippet":"max-snippet:-1","max-image-preview":"max-image-preview:large","max-video-preview":"max-video-preview:-1"},"canonical":"https:\/\/bellevuehuntingsafaris.co.za\/de\/things-to-do\/","og_locale":"de_DE","og_type":"article","og_title":"Things To Do &#8211; Bellevue Hunting Safari&#039;s","og_description":"The Bellevue Luxury Villa is set on a scenic farm of 2000 hectares, where beautiful camel thorn trees and lush grasses abound for the many different antelope species to enjoy. Gorgeous gardens rise up to meet the high blue skies of Africa.","og_url":"https:\/\/bellevuehuntingsafaris.co.za\/de\/things-to-do\/","og_site_name":"Bellevue Hunting Safari&#039;s","og_image":[{"width":2560,"height":1707,"url":"https:\/\/bellevuehuntingsafaris.co.za\/wp-content\/uploads\/2021\/10\/H2A_5076-1-scaled.jpg","type":"image\/jpeg"}],"twitter_card":"summary_large_image","twitter_misc":{"Gesch\u00e4tzte Lesezeit":"3\u00a0Minuten"},"schema":{"@context":"https:\/\/schema.org","@graph":[{"@type":"WebPage","@id":"https:\/\/bellevuehuntingsafaris.co.za\/things-to-do\/","url":"https:\/\/bellevuehuntingsafaris.co.za\/things-to-do\/","name":"Things To Do &#8211; Bellevue Hunting Safari&#039;s","isPartOf":{"@id":"https:\/\/bellevuehuntingsafaris.co.za\/#website"},"primaryImageOfPage":{"@id":"https:\/\/bellevuehuntingsafaris.co.za\/things-to-do\/#primaryimage"},"image":{"@id":"https:\/\/bellevuehuntingsafaris.co.za\/things-to-do\/#primaryimage"},"thumbnailUrl":"https:\/\/bellevuehuntingsafaris.co.za\/wp-content\/uploads\/2021\/10\/H2A_5076-1-scaled.jpg","datePublished":"2024-12-06T17:36:50+00:00","description":"Die Bellevue Luxury Villa liegt auf einer landschaftlich reizvollen Farm von 2000 Hektar mit vielen sch\u00f6nen Kameldornb\u00e4umen und \u00fcppigen Gr\u00e4sern, an denen sich die vielen verschiedenen Antilopenarten\nerfreuen k\u00f6nnen. Herrlicher Busch ragt bis bis zum blauen Himmel Afrikas.","breadcrumb":{"@id":"https:\/\/bellevuehuntingsafaris.co.za\/things-to-do\/#breadcrumb"},"inLanguage":"de","potentialAction":[{"@type":"ReadAction","target":["https:\/\/bellevuehuntingsafaris.co.za\/things-to-do\/"]}]},{"@type":"ImageObject","inLanguage":"de","@id":"https:\/\/bellevuehuntingsafaris.co.za\/things-to-do\/#primaryimage","url":"https:\/\/bellevuehuntingsafaris.co.za\/wp-content\/uploads\/2021\/10\/H2A_5076-1-scaled.jpg","contentUrl":"https:\/\/bellevuehuntingsafaris.co.za\/wp-content\/uploads\/2021\/10\/H2A_5076-1-scaled.jpg","width":2560,"height":1707},{"@type":"BreadcrumbList","@id":"https:\/\/bellevuehuntingsafaris.co.za\/things-to-do\/#breadcrumb","itemListElement":[{"@type":"ListItem","position":1,"name":"Home","item":"https:\/\/bellevuehuntingsafaris.co.za\/"},{"@type":"ListItem","position":2,"name":"Things To Do"}]},{"@type":"WebSite","@id":"https:\/\/bellevuehuntingsafaris.co.za\/#website","url":"https:\/\/bellevuehuntingsafaris.co.za\/","name":"Bellevue Game Lodge","description":"Luxury Hunting Lodge in Limpopo","publisher":{"@id":"https:\/\/bellevuehuntingsafaris.co.za\/#organization"},"potentialAction":[{"@type":"SearchAction","target":{"@type":"EntryPoint","urlTemplate":"https:\/\/bellevuehuntingsafaris.co.za\/?s={search_term_string}"},"query-input":{"@type":"PropertyValueSpecification","valueRequired":true,"valueName":"search_term_string"}}],"inLanguage":"de"},{"@type":"Organization","@id":"https:\/\/bellevuehuntingsafaris.co.za\/#organization","name":"Bellevue Game Lodge","url":"https:\/\/bellevuehuntingsafaris.co.za\/","logo":{"@type":"ImageObject","inLanguage":"de","@id":"https:\/\/bellevuehuntingsafaris.co.za\/#\/schema\/logo\/image\/","url":"https:\/\/bellevuehuntingsafaris.co.za\/wp-content\/uploads\/2021\/11\/Bellevue-LOGO-FINAL-WHITE-02.png","contentUrl":"https:\/\/bellevuehuntingsafaris.co.za\/wp-content\/uploads\/2021\/11\/Bellevue-LOGO-FINAL-WHITE-02.png","width":4501,"height":4500,"caption":"Bellevue Game Lodge"},"image":{"@id":"https:\/\/bellevuehuntingsafaris.co.za\/#\/schema\/logo\/image\/"}}]}},"_links":{"self":[{"href":"https:\/\/bellevuehuntingsafaris.co.za\/de\/wp-json\/wp\/v2\/pages\/1317","targetHints":{"allow":["GET"]}}],"collection":[{"href":"https:\/\/bellevuehuntingsafaris.co.za\/de\/wp-json\/wp\/v2\/pages"}],"about":[{"href":"https:\/\/bellevuehuntingsafaris.co.za\/de\/wp-json\/wp\/v2\/types\/page"}],"author":[{"embeddable":true,"href":"https:\/\/bellevuehuntingsafaris.co.za\/de\/wp-json\/wp\/v2\/users\/1"}],"replies":[{"embeddable":true,"href":"https:\/\/bellevuehuntingsafaris.co.za\/de\/wp-json\/wp\/v2\/comments?post=1317"}],"version-history":[{"count":0,"href":"https:\/\/bellevuehuntingsafaris.co.za\/de\/wp-json\/wp\/v2\/pages\/1317\/revisions"}],"wp:featuredmedia":[{"embeddable":true,"href":"https:\/\/bellevuehuntingsafaris.co.za\/de\/wp-json\/wp\/v2\/media\/1044"}],"wp:attachment":[{"href":"https:\/\/bellevuehuntingsafaris.co.za\/de\/wp-json\/wp\/v2\/media?parent=1317"}],"curies":[{"name":"wp","href":"https:\/\/api.w.org\/{rel}","templated":true}]}}